{"id":33,"date":"2019-08-12T13:33:19","date_gmt":"2019-08-12T11:33:19","guid":{"rendered":"http:\/\/eshop.floriana.sk\/?page_id=33"},"modified":"2019-10-21T15:20:24","modified_gmt":"2019-10-21T13:20:24","slug":"moj-ucet","status":"publish","type":"page","link":"https:\/\/2.floriana.sk\/?page_id=33","title":{"rendered":"M\u00f4j \u00fa\u010det"},"content":{"rendered":"<div class=\"woocommerce\"><div class=\"columns eight woo-login-form\">\n\t<div style=\"padding:3px;\">\n<div class=\"woocommerce-notices-wrapper\"><\/div>\n<ul class=\"tabs-nav\">\n\t<li class=\"\"><a href=\"#tab1\">Prihl\u00e1senie<\/a><\/li>\n\t<li><a href=\"#tab2\">Registr\u00e1cia ve\u013ekoobchodn\u00edka<\/a><\/li>\n<\/ul>\n<div class=\"tabs-container\">\n\t<div class=\"tab-content\" id=\"tab1\" style=\"display: none;\">\n\n\t\t<h3 class=\"headline\">Prihl\u00e1senie<\/h3><span class=\"line\" style=\"margin-bottom:20px;\"><\/span><div class=\"clearfix\"><\/div>\n\n\t\t<form method=\"post\" class=\"login\">\n\n\t\t\t\n\t\t\t<p class=\"form-row form-row-wide\">\n\t\t\t\t<label for=\"username\">U\u017e\u00edvate\u013esk\u00e9 meno alebo e-mailov\u00fa adresu <span class=\"required\">*<\/span><\/label>\n\t\t\t\t<input type=\"text\" class=\"input-text\" name=\"username\" id=\"username\" value=\"\" \/>\n\t\t\t<\/p>\n\t\t\t<p class=\"form-row form-row-wide\">\n\t\t\t\t<label for=\"password\">Heslo <span class=\"required\">*<\/span><\/label>\n\t\t\t\t<input class=\"input-text\" type=\"password\" name=\"password\" id=\"password\" \/>\n\t\t\t<\/p>\n\n\t\t\t\n\t\t\t<p class=\"form-row\">\n\t\t\t\t<input type=\"hidden\" id=\"_wpnonce\" name=\"_wpnonce\" value=\"dc865ddb61\" \/><input type=\"hidden\" name=\"_wp_http_referer\" value=\"\/index.php?rest_route=%2Fwp%2Fv2%2Fpages%2F33\" \/>\t\t\t\t<input type=\"submit\" class=\"button\" name=\"login\" value=\"Prihl\u00e1si\u0165 sa\" \/>\n\t\t\t\t<label for=\"rememberme\" class=\"inline\">\n\t\t\t\t\t<input name=\"rememberme\" type=\"checkbox\" id=\"rememberme\" value=\"forever\" \/> Zapam\u00e4ta\u0165 si ma\t\t\t\t<\/label>\n\t\t\t<\/p>\n\t\t\t<p class=\"lost_password\">\n\t\t\t\t<a href=\"https:\/\/2.floriana.sk\/?page_id=33&#038;lost-password\">Zabudli ste va\u0161e heslo?<\/a>\n\t\t\t<\/p>\n\n\t\t\t\n\t\t<\/form>\n\t<\/div>\n\t\t<div class=\"tab-content\" id=\"tab2\" style=\"display: none;\">\n\n\t\t\t<h3 class=\"headline\">Registr\u00e1cia ve\u013ekoobchodn\u00edka<\/h3><span class=\"line\" style=\"margin-bottom:20px;\"><\/span><div class=\"clearfix\"><\/div>\n\t\t\t<div role=\"form\" class=\"wpcf7\" id=\"wpcf7-f109-o1\" lang=\"en-US\" dir=\"ltr\">\n<div class=\"screen-reader-response\"><\/div>\n<form action=\"\/index.php?rest_route=%2Fwp%2Fv2%2Fpages%2F33#wpcf7-f109-o1\" method=\"post\" class=\"wpcf7-form\" novalidate=\"novalidate\">\n<div style=\"display: none;\">\n<input type=\"hidden\" name=\"_wpcf7\" value=\"109\" \/>\n<input type=\"hidden\" name=\"_wpcf7_version\" value=\"5.1.4\" \/>\n<input type=\"hidden\" name=\"_wpcf7_locale\" value=\"en_US\" \/>\n<input type=\"hidden\" name=\"_wpcf7_unit_tag\" value=\"wpcf7-f109-o1\" \/>\n<input type=\"hidden\" name=\"_wpcf7_container_post\" value=\"0\" \/>\n<\/div>\n<h3>Prihlasovacie \u00fadaje:<\/h3>\n<p><label> Prihlasovacie meno *<br \/>\n    <span class=\"wpcf7-form-control-wrap text-149\"><input type=\"text\" name=\"text-149\" value=\"\" size=\"40\" class=\"wpcf7-form-control wpcf7-text wpcf7-validates-as-required\" aria-required=\"true\" aria-invalid=\"false\" \/><\/span> <\/label><\/p>\n<p><label> Prihlasovacie heslo *<br \/>\n    <span class=\"wpcf7-form-control-wrap text-887\"><input type=\"text\" name=\"text-887\" value=\"\" size=\"40\" class=\"wpcf7-form-control wpcf7-text wpcf7-validates-as-required\" aria-required=\"true\" aria-invalid=\"false\" \/><\/span> <\/label><\/p>\n<p><br\/><\/p>\n<h3>Kontaktn\u00e9 \u00fadaje:<\/h3>\n<p><label> Meno *<br \/>\n    <span class=\"wpcf7-form-control-wrap text-256\"><input type=\"text\" name=\"text-256\" value=\"\" size=\"40\" class=\"wpcf7-form-control wpcf7-text wpcf7-validates-as-required\" aria-required=\"true\" aria-invalid=\"false\" \/><\/span> <\/label><\/p>\n<p><label> Priezvisko *<br \/>\n    <span class=\"wpcf7-form-control-wrap text-912\"><input type=\"text\" name=\"text-912\" value=\"\" size=\"40\" class=\"wpcf7-form-control wpcf7-text wpcf7-validates-as-required\" aria-required=\"true\" aria-invalid=\"false\" \/><\/span> <\/label><\/p>\n<p><label> E-mail *<br \/>\n    <span class=\"wpcf7-form-control-wrap email-946\"><input type=\"email\" name=\"email-946\" value=\"\" size=\"40\" class=\"wpcf7-form-control wpcf7-text wpcf7-email wpcf7-validates-as-required wpcf7-validates-as-email\" aria-required=\"true\" aria-invalid=\"false\" \/><\/span> <\/label><\/p>\n<p><label> Mobil *<br \/>\n    <span class=\"wpcf7-form-control-wrap text-424\"><input type=\"text\" name=\"text-424\" value=\"\" size=\"40\" class=\"wpcf7-form-control wpcf7-text wpcf7-validates-as-required\" aria-required=\"true\" aria-invalid=\"false\" \/><\/span> <\/label><\/p>\n<p><label> Telef\u00f3n<br \/>\n    <span class=\"wpcf7-form-control-wrap text-794\"><input type=\"text\" name=\"text-794\" value=\"\" size=\"40\" class=\"wpcf7-form-control wpcf7-text\" aria-invalid=\"false\" \/><\/span> <\/label><\/p>\n<p><br\/><\/p>\n<h3>\u00dadaje o spolo\u010dnosti:<\/h3>\n<p><label> N\u00e1zov *<br \/>\n    <span class=\"wpcf7-form-control-wrap text-885\"><input type=\"text\" name=\"text-885\" value=\"\" size=\"40\" class=\"wpcf7-form-control wpcf7-text wpcf7-validates-as-required\" aria-required=\"true\" aria-invalid=\"false\" \/><\/span> <\/label><\/p>\n<p><label> I\u010cO *<br \/>\n    <span class=\"wpcf7-form-control-wrap number-101\"><input type=\"number\" name=\"number-101\" value=\"\" class=\"wpcf7-form-control wpcf7-number wpcf7-validates-as-required wpcf7-validates-as-number\" aria-required=\"true\" aria-invalid=\"false\" \/><\/span> <\/label><\/p>\n<p><label> DI\u010c *<br \/>\n    <span class=\"wpcf7-form-control-wrap text-120\"><input type=\"text\" name=\"text-120\" value=\"\" size=\"40\" class=\"wpcf7-form-control wpcf7-text wpcf7-validates-as-required\" aria-required=\"true\" aria-invalid=\"false\" \/><\/span> <\/label><\/p>\n<p><label> I\u010c DPH<br \/>\n    <span class=\"wpcf7-form-control-wrap text-622\"><input type=\"text\" name=\"text-622\" value=\"\" size=\"40\" class=\"wpcf7-form-control wpcf7-text\" aria-invalid=\"false\" \/><\/span> <\/label><\/p>\n<p><br\/><\/p>\n<h3>Faktura\u010dn\u00e1 adresa:<\/h3>\n<p><label> Ulica a s\u00fapisn\u00e9 \u010d\u00edslo *<br \/>\n    <span class=\"wpcf7-form-control-wrap text-345\"><input type=\"text\" name=\"text-345\" value=\"\" size=\"40\" class=\"wpcf7-form-control wpcf7-text wpcf7-validates-as-required\" aria-required=\"true\" aria-invalid=\"false\" \/><\/span> <\/label><\/p>\n<p><label> Mesto *<br \/>\n    <span class=\"wpcf7-form-control-wrap text-750\"><input type=\"text\" name=\"text-750\" value=\"\" size=\"40\" class=\"wpcf7-form-control wpcf7-text wpcf7-validates-as-required\" aria-required=\"true\" aria-invalid=\"false\" \/><\/span> <\/label><\/p>\n<p><label> PS\u010c *<br \/>\n    <span class=\"wpcf7-form-control-wrap number-933\"><input type=\"number\" name=\"number-933\" value=\"\" class=\"wpcf7-form-control wpcf7-number wpcf7-validates-as-required wpcf7-validates-as-number\" aria-required=\"true\" aria-invalid=\"false\" \/><\/span> <\/label><\/p>\n<p><br\/><\/p>\n<h3>Dodacia adresa:<\/h3>\n<p>(Vyplni\u0165, ak je in\u00e1 ako faktura\u010dn\u00e1 adresa)<\/p>\n<p><label> Ulica a s\u00fapisn\u00e9 \u010d\u00edslo<br \/>\n    <span class=\"wpcf7-form-control-wrap text-924\"><input type=\"text\" name=\"text-924\" value=\"\" size=\"40\" class=\"wpcf7-form-control wpcf7-text\" aria-invalid=\"false\" \/><\/span> <\/label><\/p>\n<p><label> Mesto<br \/>\n    <span class=\"wpcf7-form-control-wrap text-334\"><input type=\"text\" name=\"text-334\" value=\"\" size=\"40\" class=\"wpcf7-form-control wpcf7-text\" aria-invalid=\"false\" \/><\/span> <\/label><\/p>\n<p><label> PS\u010c<br \/>\n    <span class=\"wpcf7-form-control-wrap number-853\"><input type=\"number\" name=\"number-853\" value=\"\" class=\"wpcf7-form-control wpcf7-number wpcf7-validates-as-number\" aria-invalid=\"false\" \/><\/span> <\/label><\/p>\n<p><br\/><\/p>\n<p><span class=\"wpcf7-form-control-wrap acceptance-509\"><span class=\"wpcf7-form-control wpcf7-acceptance\"><span class=\"wpcf7-list-item\"><label><input type=\"checkbox\" name=\"acceptance-509\" value=\"1\" aria-invalid=\"false\" \/><span class=\"wpcf7-list-item-label\">Obozn\u00e1mil\/a som sa so <a href=\"http:\/\/eshop.floriana.sk\/?page_id=740\">V\u0161eobecn\u00fdmi obchodn\u00fdmi podmienkami<\/a>.<\/span><\/label><\/span><\/span><\/span><\/p>\n<p><span class=\"wpcf7-form-control-wrap acceptance-166\"><span class=\"wpcf7-form-control wpcf7-acceptance optional\"><span class=\"wpcf7-list-item\"><label><input type=\"checkbox\" name=\"acceptance-166\" value=\"1\" aria-invalid=\"false\" checked=\"checked\" \/><span class=\"wpcf7-list-item-label\">S\u00fahlas\u00edm so zasielan\u00edm inform\u00e1ci\u00ed o novink\u00e1ch a akci\u00e1ch.<\/span><\/label><\/span><\/span><\/span><\/p>\n<p><input type=\"submit\" value=\"Posla\u0165\" class=\"wpcf7-form-control wpcf7-submit\" \/><\/p>\n<div class=\"wpcf7-response-output wpcf7-display-none\"><\/div><\/form><\/div>\n\t\t<\/div>\n\t<\/div>\n<\/div>\n\n<\/div>\n<\/div>\n","protected":false},"excerpt":{"rendered":"Prihl\u00e1senie Registr\u00e1cia ve\u013ekoobchodn\u00edka Prihl\u00e1senie U\u017e\u00edvate\u013esk\u00e9 meno alebo e-mailov\u00fa adresu * Heslo * Zapam\u00e4ta\u0165 si ma Zabudli ste va\u0161e heslo? Registr\u00e1cia ve\u013ekoobchodn\u00edka Prihlasovacie \u00fadaje: Prihlasovacie meno * Prihlasovacie heslo * Kontaktn\u00e9 \u00fadaje: Meno * Priezvisko * E-mail * Mobil * Telef\u00f3n \u00dadaje o spolo\u010dnosti: N\u00e1zov * I\u010cO * DI\u010c * I\u010c DPH Faktura\u010dn\u00e1 adresa: Ulica a [...]","protected":false},"author":1,"featured_media":0,"parent":0,"menu_order":9,"comment_status":"closed","ping_status":"closed","template":"","meta":[],"_links":{"self":[{"href":"https:\/\/2.floriana.sk\/index.php?rest_route=\/wp\/v2\/pages\/33"}],"collection":[{"href":"https:\/\/2.floriana.sk\/index.php?rest_route=\/wp\/v2\/pages"}],"about":[{"href":"https:\/\/2.floriana.sk\/index.php?rest_route=\/wp\/v2\/types\/page"}],"author":[{"embeddable":true,"href":"https:\/\/2.floriana.sk\/index.php?rest_route=\/wp\/v2\/users\/1"}],"replies":[{"embeddable":true,"href":"https:\/\/2.floriana.sk\/index.php?rest_route=%2Fwp%2Fv2%2Fcomments&post=33"}],"version-history":[{"count":1,"href":"https:\/\/2.floriana.sk\/index.php?rest_route=\/wp\/v2\/pages\/33\/revisions"}],"predecessor-version":[{"id":34,"href":"https:\/\/2.floriana.sk\/index.php?rest_route=\/wp\/v2\/pages\/33\/revisions\/34"}],"wp:attachment":[{"href":"https:\/\/2.floriana.sk\/index.php?rest_route=%2Fwp%2Fv2%2Fmedia&parent=33"}],"curies":[{"name":"wp","href":"https:\/\/api.w.org\/{rel}","templated":true}]}}