{"id":23,"date":"2019-08-12T13:12:35","date_gmt":"2019-08-12T11:12:35","guid":{"rendered":"http:\/\/eshop.floriana.sk\/?page_id=23"},"modified":"2025-11-04T09:14:11","modified_gmt":"2025-11-04T08:14:11","slug":"maloobchod","status":"publish","type":"page","link":"https:\/\/2.floriana.sk\/?page_id=23","title":{"rendered":"Maloobchod"},"content":{"rendered":"<p>[vc_row][vc_column][vc_gmaps link=&#8221;#E-8_JTNDaWZyYW1lJTIwc3JjJTNEJTIyaHR0cHMlM0ElMkYlMkZ3d3cuZ29vZ2xlLmNvbSUyRm1hcHMlMkZlbWJlZCUzRnBiJTNEJTIxMW0xOCUyMTFtMTIlMjExbTMlMjExZDI2MjkuNTM4NzYyNzk2NzQwNyUyMTJkMTguNjA4Mzk2ODUyMzk3MjU2JTIxM2Q0OC43NzE2MDM4MzcyMzclMjEybTMlMjExZjAlMjEyZjAlMjEzZjAlMjEzbTIlMjExaTEwMjQlMjEyaTc2OCUyMTRmMTMuMSUyMTNtMyUyMTFtMiUyMTFzMHg0NzE0ZGNlYzA1OGVjOTBiJTI1M0EweDdjNjFjZTliMDc2YjAzMWQlMjEyc0R1a2xpYW5za2ElMkI3MiUyNTJGNDMlMjUyQyUyQjk3MSUyQjAxJTJCUHJpZXZpZHphJTIxNWUwJTIxM20yJTIxMXNlbiUyMTJzc2slMjE0djE1NjAxNTY3NzgyMTQlMjE1bTIlMjExc2VuJTIxMnNzayUyMiUyMHdpZHRoJTNEJTIyNjAwJTIyJTIwaGVpZ2h0JTNEJTIyNDUwJTIyJTIwZnJhbWVib3JkZXIlM0QlMjIwJTIyJTIwc3R5bGUlM0QlMjJib3JkZXIlM0EwJTIyJTIwYWxsb3dmdWxsc2NyZWVuJTNFJTNDJTJGaWZyYW1lJTNF&#8221;][\/vc_column][\/vc_row][vc_row][vc_column width=&#8221;1\/4&#8243;][vc_accordion][vc_accordion_tab title=&#8221;Otv\u00e1racia doba&#8221; icon=&#8221;file-text&#8221;][vc_column_text]<\/p>\n<ul class=\"contact-informations second\">\n<li>Po &#8211; Pia: <strong>8:30 &#8211; 16:30<\/strong><\/li>\n<li>So: <strong>8:00 &#8211; 12:00<\/strong><\/li>\n<\/ul>\n<p>[\/vc_column_text][\/vc_accordion_tab][vc_accordion_tab title=&#8221;Adresa&#8221; icon=&#8221;thumb-tack&#8221;][vc_column_text]Duklianska 43, 971 01 Prievidza[\/vc_column_text][\/vc_accordion_tab][vc_accordion_tab title=&#8221;Kontakt&#8221; icon=&#8221;user&#8221;][vc_column_text]<\/p>\n<ul class=\"contact-informations second\">\n<li><i class=\"fa fa-phone\"><\/i>046 542 2620<\/li>\n<li><i class=\"fa fa-envelope\"><\/i>zc@floriana.sk<\/li>\n<\/ul>\n<p>[\/vc_column_text][\/vc_accordion_tab][\/vc_accordion][\/vc_column][vc_column width=&#8221;3\/4&#8243;]<h3 class=\"headline\" style=\"margin-top:0px;\">POPIS<\/h3>\r\n            <span class=\"line\" style=\"margin-bottom:25px;\"><\/span><div class=\"clearfix\"><\/div>[vc_column_text]Ak je z\u00e1hradk\u00e1rstvo va\u0161e hobby \u010di u\u017e v akt\u00edvnej alebo pas\u00edvnej forme, hobby program v\u00e1m pon\u00faka rie\u0161enie. Nakupujte len to\u013eko, ko\u013eko potrebujete pre svoju z\u00e1hradku. Na\u0161e z\u00e1hradn\u00e9 centrum v\u00e1m pon\u00faka <strong>\u0161irok\u00fd sortiment<\/strong> z\u00e1hradk\u00e1rskych potrieb, rastlinn\u00fd a dekora\u010dn\u00fd materi\u00e1l pre hobby z\u00e1hradk\u00e1rov. Ako priamy dovozca v\u00e1m vieme poskytn\u00fa\u0165 <strong>v\u00fdhodn\u00e9 ceny aj v maloobchode<\/strong> a nako\u013eko sa zaober\u00e1me z\u00e1hradk\u00e1rskymi potrebami aj vo ve\u013ekom, m\u00e1me dostato\u010dn\u00fd preh\u013ead na trhu a pon\u00fakame v\u00e1m v\u017edy aktu\u00e1lne novinky, ako aj dobr\u00e9 osved\u010den\u00e9 pom\u00f4cky.<\/p>\n<p>Nav\u0161t\u00edvte na\u0161u malopredaj\u0148u v Prievidzi a vyberte si v\u0161etko, \u010do va\u0161a z\u00e1hradka potrebuje.[\/vc_column_text][vc_empty_space][vc_row_inner][vc_column_inner width=&#8221;1\/4&#8243;][vc_single_image image=&#8221;426&#8243; alignment=&#8221;center&#8221; onclick=&#8221;link_image&#8221;][vc_single_image image=&#8221;426&#8243; alignment=&#8221;center&#8221; onclick=&#8221;link_image&#8221;][\/vc_column_inner][vc_column_inner width=&#8221;1\/4&#8243;][vc_single_image image=&#8221;425&#8243; alignment=&#8221;center&#8221; onclick=&#8221;link_image&#8221;][vc_single_image image=&#8221;425&#8243; alignment=&#8221;center&#8221; onclick=&#8221;link_image&#8221;][\/vc_column_inner][vc_column_inner width=&#8221;1\/4&#8243;][vc_single_image image=&#8221;424&#8243; alignment=&#8221;center&#8221; onclick=&#8221;link_image&#8221;][vc_single_image image=&#8221;424&#8243; alignment=&#8221;center&#8221; onclick=&#8221;link_image&#8221;][\/vc_column_inner][vc_column_inner width=&#8221;1\/4&#8243;][vc_single_image image=&#8221;422&#8243; alignment=&#8221;center&#8221; onclick=&#8221;link_image&#8221;][vc_single_image image=&#8221;422&#8243; alignment=&#8221;center&#8221; onclick=&#8221;link_image&#8221;][\/vc_column_inner][\/vc_row_inner][\/vc_column][\/vc_row]<\/p>\n","protected":false},"excerpt":{"rendered":"<p>[vc_row][vc_column][vc_gmaps link=&#8221;#E-8_JTNDaWZyYW1lJTIwc3JjJTNEJTIyaHR0cHMlM0ElMkYlMkZ3d3cuZ29vZ2xlLmNvbSUyRm1hcHMlMkZlbWJlZCUzRnBiJTNEJTIxMW0xOCUyMTFtMTIlMjExbTMlMjExZDI2MjkuNTM4NzYyNzk2NzQwNyUyMTJkMTguNjA4Mzk2ODUyMzk3MjU2JTIxM2Q0OC43NzE2MDM4MzcyMzclMjEybTMlMjExZjAlMjEyZjAlMjEzZjAlMjEzbTIlMjExaTEwMjQlMjEyaTc2OCUyMTRmMTMuMSUyMTNtMyUyMTFtMiUyMTFzMHg0NzE0ZGNlYzA1OGVjOTBiJTI1M0EweDdjNjFjZTliMDc2YjAzMWQlMjEyc0R1a2xpYW5za2ElMkI3MiUyNTJGNDMlMjUyQyUyQjk3MSUyQjAxJTJCUHJpZXZpZHphJTIxNWUwJTIxM20yJTIxMXNlbiUyMTJzc2slMjE0djE1NjAxNTY3NzgyMTQlMjE1bTIlMjExc2VuJTIxMnNzayUyMiUyMHdpZHRoJTNEJTIyNjAwJTIyJTIwaGVpZ2h0JTNEJTIyNDUwJTIyJTIwZnJhbWVib3JkZXIlM0QlMjIwJTIyJTIwc3R5bGUlM0QlMjJib3JkZXIlM0EwJTIyJTIwYWxsb3dmdWxsc2NyZWVuJTNFJTNDJTJGaWZyYW1lJTNF&#8221;][\/vc_column][\/vc_row][vc_row][vc_column width=&#8221;1\/4&#8243;][vc_accordion][vc_accordion_tab title=&#8221;Otv\u00e1racia doba&#8221; icon=&#8221;file-text&#8221;][vc_column_text] Po &#8211; Pia: 8:30 &#8211; 16:30 So: 8:00 &#8211; 12:00 [\/vc_column_text][\/vc_accordion_tab][vc_accordion_tab title=&#8221;Adresa&#8221; icon=&#8221;thumb-tack&#8221;][vc_column_text]Duklianska 43, 971 01 Prievidza[\/vc_column_text][\/vc_accordion_tab][vc_accordion_tab title=&#8221;Kontakt&#8221; icon=&#8221;user&#8221;][vc_column_text] 046 542 2620 zc@floriana.sk [\/vc_column_text][\/vc_accordion_tab][\/vc_accordion][\/vc_column][vc_column width=&#8221;3\/4&#8243;][vc_column_text]Ak je z\u00e1hradk\u00e1rstvo va\u0161e hobby \u010di u\u017e v akt\u00edvnej alebo pas\u00edvnej forme, hobby program v\u00e1m pon\u00faka rie\u0161enie. Nakupujte len to\u013eko, ko\u013eko potrebujete pre svoju z\u00e1hradku. [&hellip;]<\/p>\n","protected":false},"author":1,"featured_media":0,"parent":0,"menu_order":5,"comment_status":"closed","ping_status":"closed","template":"","meta":[],"_links":{"self":[{"href":"https:\/\/2.floriana.sk\/index.php?rest_route=\/wp\/v2\/pages\/23"}],"collection":[{"href":"https:\/\/2.floriana.sk\/index.php?rest_route=\/wp\/v2\/pages"}],"about":[{"href":"https:\/\/2.floriana.sk\/index.php?rest_route=\/wp\/v2\/types\/page"}],"author":[{"embeddable":true,"href":"https:\/\/2.floriana.sk\/index.php?rest_route=\/wp\/v2\/users\/1"}],"replies":[{"embeddable":true,"href":"https:\/\/2.floriana.sk\/index.php?rest_route=%2Fwp%2Fv2%2Fcomments&post=23"}],"version-history":[{"count":31,"href":"https:\/\/2.floriana.sk\/index.php?rest_route=\/wp\/v2\/pages\/23\/revisions"}],"predecessor-version":[{"id":5999,"href":"https:\/\/2.floriana.sk\/index.php?rest_route=\/wp\/v2\/pages\/23\/revisions\/5999"}],"wp:attachment":[{"href":"https:\/\/2.floriana.sk\/index.php?rest_route=%2Fwp%2Fv2%2Fmedia&parent=23"}],"curies":[{"name":"wp","href":"https:\/\/api.w.org\/{rel}","templated":true}]}}