{"id":14,"date":"2019-08-12T13:07:46","date_gmt":"2019-08-12T11:07:46","guid":{"rendered":"http:\/\/eshop.floriana.sk\/?page_id=14"},"modified":"2021-03-02T16:17:27","modified_gmt":"2021-03-02T15:17:27","slug":"domov","status":"publish","type":"page","link":"https:\/\/2.floriana.sk\/","title":{"rendered":"Domov"},"content":{"rendered":"<p>[vc_row][vc_column][rev_slider_vc alias=&#8221;slider1&#8243;][\/vc_column][\/vc_row]<div class=\"clearfix\"><\/div><div class=\"margin-bottom-30\"><\/div>[vc_row][vc_column width=&#8221;1\/3&#8243;]<div class=\"icon-box\">\r\n                    <span><i class=\"fa fa-truck\"><\/i><\/span>\r\n                    <div class=\"icon-description\"><h3>Title<\/h3><p>Disponujeme vlastn\u00fdm vozov\u00fdm parkom. Pri objedn\u00e1vke nad 70\u20ac doprava ZADARMO v r\u00e1mci stredn\u00e9ho a z\u00e1padn\u00e9ho Slovenska.<\/p>\r\n                    <\/div>\r\n                <\/div>[\/vc_column][vc_column width=&#8221;1\/3&#8243;]<div class=\"icon-box\">\r\n                    <span><i class=\"fa fa-info\"><\/i><\/span>\r\n                    <div class=\"icon-description\"><h3>Poradenstvo<\/h3><p>Sme na trhu od roku 1994. Pon\u00fakame dlhoro\u010dn\u00e9 sk\u00fasenosti v oblasti z\u00e1hradk\u00e1rstva, z\u00e1hradn\u00edctva a kvetin\u00e1rstva.<\/p>\r\n                    <\/div>\r\n                <\/div>[\/vc_column][vc_column width=&#8221;1\/3&#8243;]<div class=\"icon-box\">\r\n                    <span><i class=\"fa fa-shopping-cart\"><\/i><\/span>\r\n                    <div class=\"icon-description\"><h3>\u0160irok\u00fd sortiment<\/h3><p>\u010ci ste hobby alebo profi z\u00e1hradk\u00e1r, u n\u00e1s n\u00e1jdete \u0161irok\u00fa \u0161k\u00e1lu produktov za v\u00fdhodn\u00e9 ceny.<\/p>\r\n                    <\/div>\r\n                <\/div>[\/vc_column][\/vc_row][vc_row][vc_column]<h3 class=\"headline\" style=\"margin-top:0px;\">NOV\u00c9 PRODUKTY<\/h3>\r\n            <span class=\"line\" style=\"margin-bottom:0px;\"><\/span><div class=\"clearfix\"><\/div>\r\n    <!-- ShowBiz Carousel -->\r\n    <div id=\"new-arrivals\" class=\"new-arrivals showbiz-container\" >\r\n\r\n        <!-- Navigation -->\r\n        <div class=\"showbiz-navigation\">\r\n            <div id=\"showbiz_left_14\" class=\"sb-navigation-left\"><i class=\"fa fa-angle-left\"><\/i><\/div>\r\n            <div id=\"showbiz_right_14\" class=\"sb-navigation-right\"><i class=\"fa fa-angle-right\"><\/i><\/div>\r\n        <\/div>\r\n        <div class=\"clearfix\"><\/div>\r\n\r\n        <div class=\"showbiz\" data-left=\"#showbiz_left_14\" data-right=\"#showbiz_right_14\" data-play=\"#showbiz_play_14\" >\r\n\r\n            <div class=\"overflowholder\">\r\n                <ul>\r\n                <\/ul>\r\n                <div class=\"clearfix\"><\/div>\r\n\r\n            <\/div>\r\n            <div class=\"clearfix\"><\/div>\r\n        <\/div>\r\n    <\/div>\r\n[\/vc_column][\/vc_row][vc_row][vc_column]<\/div> <!-- eof wpb_wrapper -->\r\n            <\/div> <!-- eof column_container -->\r\n        <\/div> <!-- eof vc_row-fluid -->\r\n    <\/div> <!-- eof columns -->\r\n<\/div> <!-- eof container -->\r\n    <div class=\"parallax-banner fullwidth-element \"  data-background=\"#000000\" data-opacity=\"0.45\" data-height=\"200\">\r\n        <img src=\"https:\/\/2.floriana.sk\/wp-content\/uploads\/parallax_banner.jpg\" alt=\"parallax_banner\" \/>\r\n        <div class=\"parallax-overlay\"><\/div>\r\n        <div class=\"parallax-title\">Dovoz zadarmo<span>Pri objedn\u00e1vke nad 70\u20ac<\/span><\/div> <\/div>\r\n<div class=\"container\">\r\n    <div class=\"sixteen columns\">\r\n         <div class=\"wpb_row vc_row-fluid\">\r\n            <div class=\"vc_col-sm-12 wpb_column column_container\">\r\n                <div class=\"wpb_wrapper\">[\/vc_column][\/vc_row][vc_row][vc_column width=&#8221;1\/3&#8243;]<!-- Headline -->\r\n            <h3 class=\"headline\">Najpred\u00e1vanej\u0161ie<\/h3>\r\n            <span class=\"line\" style=\"margin-bottom:0;\"><\/span>\r\n            <div class=\"clearfix\"><\/div><ul class=\"product-list\"><div class=\"clearfix\"> <\/div>\r\n    <\/ul>[\/vc_column][vc_column width=&#8221;1\/3&#8243;]<!-- Headline -->\r\n            <h3 class=\"headline\">N\u00e1\u0161 v\u00fdber<\/h3>\r\n            <span class=\"line\" style=\"margin-bottom:0;\"><\/span>\r\n            <div class=\"clearfix\"><\/div><ul class=\"product-list\"><div class=\"clearfix\"> <\/div>\r\n    <\/ul>[\/vc_column][vc_column width=&#8221;1\/3&#8243;]<!-- Headline -->\r\n            <h3 class=\"headline\">Akciov\u00e9 produkty<\/h3>\r\n            <span class=\"line\" style=\"margin-bottom:0;\"><\/span>\r\n            <div class=\"clearfix\"><\/div><ul class=\"product-list\"><div class=\"clearfix\"> <\/div>\r\n    <\/ul>[\/vc_column][\/vc_row]<\/p>\n","protected":false},"excerpt":{"rendered":"<p>[vc_row][vc_column][rev_slider_vc alias=&#8221;slider1&#8243;][\/vc_column][\/vc_row][vc_row][vc_column width=&#8221;1\/3&#8243;][\/vc_column][vc_column width=&#8221;1\/3&#8243;][\/vc_column][vc_column width=&#8221;1\/3&#8243;][\/vc_column][\/vc_row][vc_row][vc_column][\/vc_column][\/vc_row][vc_row][vc_column][\/vc_column][\/vc_row][vc_row][vc_column width=&#8221;1\/3&#8243;][\/vc_column][vc_column width=&#8221;1\/3&#8243;][\/vc_column][vc_column width=&#8221;1\/3&#8243;][\/vc_column][\/vc_row]<\/p>\n","protected":false},"author":1,"featured_media":0,"parent":0,"menu_order":1,"comment_status":"closed","ping_status":"closed","template":"template-home.php","meta":[],"_links":{"self":[{"href":"https:\/\/2.floriana.sk\/index.php?rest_route=\/wp\/v2\/pages\/14"}],"collection":[{"href":"https:\/\/2.floriana.sk\/index.php?rest_route=\/wp\/v2\/pages"}],"about":[{"href":"https:\/\/2.floriana.sk\/index.php?rest_route=\/wp\/v2\/types\/page"}],"author":[{"embeddable":true,"href":"https:\/\/2.floriana.sk\/index.php?rest_route=\/wp\/v2\/users\/1"}],"replies":[{"embeddable":true,"href":"https:\/\/2.floriana.sk\/index.php?rest_route=%2Fwp%2Fv2%2Fcomments&post=14"}],"version-history":[{"count":25,"href":"https:\/\/2.floriana.sk\/index.php?rest_route=\/wp\/v2\/pages\/14\/revisions"}],"predecessor-version":[{"id":3125,"href":"https:\/\/2.floriana.sk\/index.php?rest_route=\/wp\/v2\/pages\/14\/revisions\/3125"}],"wp:attachment":[{"href":"https:\/\/2.floriana.sk\/index.php?rest_route=%2Fwp%2Fv2%2Fmedia&parent=14"}],"curies":[{"name":"wp","href":"https:\/\/api.w.org\/{rel}","templated":true}]}}